{"id":86,"date":"2020-05-08T11:01:21","date_gmt":"2020-05-08T09:01:21","guid":{"rendered":"http:\/\/lucdefontaine.com\/?page_id=86"},"modified":"2021-09-10T17:08:21","modified_gmt":"2021-09-10T15:08:21","slug":"a-propos","status":"publish","type":"page","link":"https:\/\/lucdefontaine.com\/?page_id=86","title":{"rendered":"\u00c0 propos"},"content":{"rendered":"<p>[et_pb_section fb_built=\u00a0\u00bb1&Prime; _builder_version=\u00a0\u00bb4.4.3&Prime; custom_margin=\u00a0\u00bb0px||-50px||false|false\u00a0\u00bb custom_padding=\u00a0\u00bb0px||54px||false|false\u00a0\u00bb][et_pb_row column_structure=\u00a0\u00bb1_2,1_2&Prime; _builder_version=\u00a0\u00bb4.4.3&Prime; animation_direction=\u00a0\u00bbleft\u00a0\u00bb][et_pb_column type=\u00a0\u00bb1_2&Prime; _builder_version=\u00a0\u00bb4.4.3&Prime;][et_pb_text _builder_version=\u00a0\u00bb4.4.3&Prime; hover_enabled=\u00a0\u00bb0&Prime; text_font_size=\u00a0\u00bb15px\u00a0\u00bb animation_style=\u00a0\u00bbslide\u00a0\u00bb animation_direction=\u00a0\u00bbleft\u00a0\u00bb animation_duration=\u00a0\u00bb700ms\u00a0\u00bb]<\/p>\n<p><span>L\u2019absence de titre, ou plut\u00f4t le choix de ce \u00abnon-titre\u00bb qui se contente de situer l\u2019\u0153uvre dans le temps, corrobore le parti pris de l\u2019artiste de ne fournir aucune piste puisqu\u2019il consid\u00e8re l\u2019absence d\u2019intention premi\u00e8re comme l\u2019essence m\u00eame de sa cr\u00e9ation. Les virtualit\u00e9s formelles offertes par le hasard, les combinaisons et les contrastes de couleurs, l\u2019affleurement de la toile qui semble reprendre ses droits sur le travail du peintre, seraient donc la mati\u00e8re m\u00eame de cette peinture \u00abdirecte\u00bb, instinctive qui semble poss\u00e9der sa propre vie. Cet univers color\u00e9 et lumineux, empli d\u2019\u00e9motions, nous est ici offert ; chacun d\u2019entre nous peut se l\u2019approprier en totale libert\u00e9, sans se sentir enferm\u00e9 dans un style, une grille de lecture, sans avoir besoin de r\u00e9f\u00e9rences, si ce n\u2019est celles peut-\u00eatre de sa propre vie. Il n\u2019emp\u00eache : il pourrait bien y avoir dans cette toile une filiation avec celui qui fut consid\u00e9r\u00e9 par les tenants de l\u2019abstraction lyrique comme un v\u00e9ritable pr\u00e9curseur : Claude Monet lui-m\u00eame. Son go\u00fbt pour l\u2019exp\u00e9rimentation, la couleur, la lumi\u00e8re, aboutit \u00e0 une d\u00e9sint\u00e9gration de la r\u00e9alit\u00e9 allant vers une non-figuration, comme dans la s\u00e9rie des \u00abNymph\u00e9as\u00bb, dont les reflets chatoyants et les fondus semblent s\u2019attarder \u00e7\u00e0 et l\u00e0 dans le tableau de Luc Defontaine.<\/span><\/p>\n<p>[\/et_pb_text][\/et_pb_column][et_pb_column type=\u00a0\u00bb1_2&Prime; _builder_version=\u00a0\u00bb4.4.3&Prime;][et_pb_image src=\u00a0\u00bbhttp:\/\/lucdefontaine.com\/wp-content\/uploads\/2020\/05\/IMG_3479-scaled.jpg\u00a0\u00bb _builder_version=\u00a0\u00bb4.4.3&Prime; hover_enabled=\u00a0\u00bb0&Prime;][\/et_pb_image][\/et_pb_column][\/et_pb_row][\/et_pb_section]<\/p>\n","protected":false},"excerpt":{"rendered":"<p>L\u2019absence de titre, ou plut\u00f4t le choix de ce \u00abnon-titre\u00bb qui se contente de situer l\u2019\u0153uvre dans le temps, corrobore le parti pris de l\u2019artiste de ne fournir aucune piste puisqu\u2019il consid\u00e8re l\u2019absence d\u2019intention premi\u00e8re comme l\u2019essence m\u00eame de sa cr\u00e9ation. Les virtualit\u00e9s formelles offertes par le hasard, les combinaisons et les contrastes de couleurs, [&hellip;]<\/p>\n","protected":false},"author":1,"featured_media":0,"parent":0,"menu_order":0,"comment_status":"closed","ping_status":"closed","template":"","meta":{"_et_pb_use_builder":"on","_et_pb_old_content":"","_et_gb_content_width":""},"_links":{"self":[{"href":"https:\/\/lucdefontaine.com\/index.php?rest_route=\/wp\/v2\/pages\/86"}],"collection":[{"href":"https:\/\/lucdefontaine.com\/index.php?rest_route=\/wp\/v2\/pages"}],"about":[{"href":"https:\/\/lucdefontaine.com\/index.php?rest_route=\/wp\/v2\/types\/page"}],"author":[{"embeddable":true,"href":"https:\/\/lucdefontaine.com\/index.php?rest_route=\/wp\/v2\/users\/1"}],"replies":[{"embeddable":true,"href":"https:\/\/lucdefontaine.com\/index.php?rest_route=%2Fwp%2Fv2%2Fcomments&post=86"}],"version-history":[{"count":29,"href":"https:\/\/lucdefontaine.com\/index.php?rest_route=\/wp\/v2\/pages\/86\/revisions"}],"predecessor-version":[{"id":368,"href":"https:\/\/lucdefontaine.com\/index.php?rest_route=\/wp\/v2\/pages\/86\/revisions\/368"}],"wp:attachment":[{"href":"https:\/\/lucdefontaine.com\/index.php?rest_route=%2Fwp%2Fv2%2Fmedia&parent=86"}],"curies":[{"name":"wp","href":"https:\/\/api.w.org\/{rel}","templated":true}]}}