{"id":220,"date":"2020-05-08T16:16:55","date_gmt":"2020-05-08T14:16:55","guid":{"rendered":"http:\/\/lucdefontaine.com\/?page_id=220"},"modified":"2023-02-10T13:34:20","modified_gmt":"2023-02-10T12:34:20","slug":"expositions","status":"publish","type":"page","link":"https:\/\/lucdefontaine.com\/?page_id=220","title":{"rendered":"Expositions"},"content":{"rendered":"<p>[et_pb_section fb_built=\u00a0\u00bb1&Prime; _builder_version=\u00a0\u00bb4.4.3&Prime; height=\u00a0\u00bb730px\u00a0\u00bb custom_padding=\u00a0\u00bb0px||0px||false|false\u00a0\u00bb][et_pb_row _builder_version=\u00a0\u00bb4.4.3&Prime;][et_pb_column type=\u00a0\u00bb4_4&Prime; _builder_version=\u00a0\u00bb4.4.3&Prime;][et_pb_text _builder_version=\u00a0\u00bb4.4.3&Prime; header_font=\u00a0\u00bb|700|||||||\u00a0\u00bb header_font_size=\u00a0\u00bb20px\u00a0\u00bb header_line_height=\u00a0\u00bb1.5em\u00a0\u00bb custom_margin=\u00a0\u00bb||26px|||\u00a0\u00bb]<\/p>\n<h1 style=\"text-align: left;\">2020<\/h1>\n<p>LE BUGUE &#8211; Inna Maaimura, Didier Bessi\u00e8res, Luc Defontaine, J\u00e9r\u00f4me Anthoine &amp; G\u00e9rard Fioretti &#8211; <i>ZOU !<\/i>&nbsp;&#8211; <strong>Le&nbsp;Septi\u00e8me Atelier<\/strong>[\/et_pb_text][et_pb_text _builder_version=\u00a0\u00bb4.4.3&Prime; header_font=\u00a0\u00bb|700|||||||\u00a0\u00bb header_font_size=\u00a0\u00bb20px\u00a0\u00bb header_line_height=\u00a0\u00bb1.5em\u00a0\u00bb custom_margin=\u00a0\u00bb-13px|||||\u00a0\u00bb locked=\u00a0\u00bboff\u00a0\u00bb]<\/p>\n<h1 style=\"text-align: left;\">2019<\/h1>\n<p>GOURDON &#8211; Luc Defontaine &amp; Jean Panossian &#8211; <em>Au hasard d&rsquo;une rencontre<\/em> &#8211; <strong>\u00c9glise des Cordeliers<\/strong>[\/et_pb_text][et_pb_button button_url=\u00a0\u00bbhttps:\/\/www.ladepeche.fr\/2019\/09\/12\/jean-panossian-et-luc-defontaine-exposent,8409046.php\u00a0\u00bb url_new_window=\u00a0\u00bbon\u00a0\u00bb button_text=\u00a0\u00bbArticle\u00a0\u00bb button_alignment=\u00a0\u00bbleft\u00a0\u00bb _builder_version=\u00a0\u00bb4.4.3&Prime; custom_button=\u00a0\u00bbon\u00a0\u00bb button_text_size=\u00a0\u00bb12px\u00a0\u00bb button_text_color=\u00a0\u00bb#ffffff\u00a0\u00bb button_bg_color=\u00a0\u00bb#d6d6d6&Prime; button_border_width=\u00a0\u00bb0px\u00a0\u00bb button_border_radius=\u00a0\u00bb3px\u00a0\u00bb button_letter_spacing=\u00a0\u00bb0px\u00a0\u00bb button_font=\u00a0\u00bb|700|||||||\u00a0\u00bb custom_margin=\u00a0\u00bb-27px||||false|false\u00a0\u00bb animation_style=\u00a0\u00bbslide\u00a0\u00bb animation_direction=\u00a0\u00bbleft\u00a0\u00bb locked=\u00a0\u00bboff\u00a0\u00bb][\/et_pb_button][et_pb_text _builder_version=\u00a0\u00bb4.4.3&Prime; header_font=\u00a0\u00bb|700|||||||\u00a0\u00bb header_font_size=\u00a0\u00bb20px\u00a0\u00bb header_line_height=\u00a0\u00bb1.5em\u00a0\u00bb custom_padding=\u00a0\u00bb||1px|||\u00a0\u00bb]<\/p>\n<h1 style=\"text-align: left;\">2018<\/h1>\n<p>BIRON &#8211; Luc Defontaine, G\u00e9rard Fioretti,&nbsp;J\u00e9r\u00f4me Anthoine &amp; Bernard Dupuis &#8211; <em>Le temps d&rsquo;une rencontre<\/em> &#8211; <strong>Ch\u00e2teau de Biron<\/strong>[\/et_pb_text][et_pb_button button_url=\u00a0\u00bbhttps:\/\/www.sudouest.fr\/2018\/02\/01\/le-chateau-de-biron-24-un-ecrin-pour-l-art-contemporain-4163528-1980.php\u00a0\u00bb url_new_window=\u00a0\u00bbon\u00a0\u00bb button_text=\u00a0\u00bbArticle\u00a0\u00bb button_alignment=\u00a0\u00bbleft\u00a0\u00bb _builder_version=\u00a0\u00bb4.4.3&Prime; custom_button=\u00a0\u00bbon\u00a0\u00bb button_text_size=\u00a0\u00bb12px\u00a0\u00bb button_text_color=\u00a0\u00bb#ffffff\u00a0\u00bb button_bg_color=\u00a0\u00bb#d6d6d6&Prime; button_border_width=\u00a0\u00bb0px\u00a0\u00bb button_border_radius=\u00a0\u00bb3px\u00a0\u00bb button_letter_spacing=\u00a0\u00bb0px\u00a0\u00bb button_font=\u00a0\u00bb|700|||||||\u00a0\u00bb custom_margin=\u00a0\u00bb-27px||||false|false\u00a0\u00bb animation_style=\u00a0\u00bbslide\u00a0\u00bb animation_direction=\u00a0\u00bbleft\u00a0\u00bb][\/et_pb_button][et_pb_text _builder_version=\u00a0\u00bb4.4.3&Prime; header_font=\u00a0\u00bb|700|||||||\u00a0\u00bb header_font_size=\u00a0\u00bb20px\u00a0\u00bb header_line_height=\u00a0\u00bb1.5em\u00a0\u00bb custom_margin=\u00a0\u00bb-18px||||false|false\u00a0\u00bb]<\/p>\n<h1 style=\"text-align: left;\"><span style=\"font-size: 14px; color: #666666; font-weight: 500;\">VILLER BOCAGE &#8211; Luc Defontaine &#8211; <em>La ligne pli\u00e9e<\/em> &#8211; <strong>Galerie R\u00e9alit\u00e9 art<\/strong><\/span><\/h1>\n<p>[\/et_pb_text][\/et_pb_column][\/et_pb_row][\/et_pb_section]<\/p>\n","protected":false},"excerpt":{"rendered":"<p>2020 LE BUGUE &#8211; Inna Maaimura, Didier Bessi\u00e8res, Luc Defontaine, J\u00e9r\u00f4me Anthoine &amp; G\u00e9rard Fioretti &#8211; ZOU !&nbsp;&#8211; Le&nbsp;Septi\u00e8me Atelier2019 GOURDON &#8211; Luc Defontaine &amp; Jean Panossian &#8211; Au hasard d&rsquo;une rencontre &#8211; \u00c9glise des Cordeliers2018 BIRON &#8211; Luc Defontaine, G\u00e9rard Fioretti,&nbsp;J\u00e9r\u00f4me Anthoine &amp; Bernard Dupuis &#8211; Le temps d&rsquo;une rencontre &#8211; Ch\u00e2teau de BironVILLER [&hellip;]<\/p>\n","protected":false},"author":1,"featured_media":0,"parent":0,"menu_order":0,"comment_status":"closed","ping_status":"closed","template":"","meta":{"_et_pb_use_builder":"on","_et_pb_old_content":"","_et_gb_content_width":""},"_links":{"self":[{"href":"https:\/\/lucdefontaine.com\/index.php?rest_route=\/wp\/v2\/pages\/220"}],"collection":[{"href":"https:\/\/lucdefontaine.com\/index.php?rest_route=\/wp\/v2\/pages"}],"about":[{"href":"https:\/\/lucdefontaine.com\/index.php?rest_route=\/wp\/v2\/types\/page"}],"author":[{"embeddable":true,"href":"https:\/\/lucdefontaine.com\/index.php?rest_route=\/wp\/v2\/users\/1"}],"replies":[{"embeddable":true,"href":"https:\/\/lucdefontaine.com\/index.php?rest_route=%2Fwp%2Fv2%2Fcomments&post=220"}],"version-history":[{"count":16,"href":"https:\/\/lucdefontaine.com\/index.php?rest_route=\/wp\/v2\/pages\/220\/revisions"}],"predecessor-version":[{"id":445,"href":"https:\/\/lucdefontaine.com\/index.php?rest_route=\/wp\/v2\/pages\/220\/revisions\/445"}],"wp:attachment":[{"href":"https:\/\/lucdefontaine.com\/index.php?rest_route=%2Fwp%2Fv2%2Fmedia&parent=220"}],"curies":[{"name":"wp","href":"https:\/\/api.w.org\/{rel}","templated":true}]}}